{"id":8,"date":"2021-04-09T11:59:08","date_gmt":"2021-04-09T11:59:08","guid":{"rendered":"http:\/\/magickt.com\/?page_id=8"},"modified":"2024-10-10T11:54:19","modified_gmt":"2024-10-10T11:54:19","slug":"startseite-2","status":"publish","type":"page","link":"http:\/\/magickt.com\/en\/","title":{"rendered":"Start"},"content":{"rendered":"<p>Welcome on my website! <\/p>\n\n\n\n<p>My name is Thomas Schmitt. I am an artist from Karlsruhe and would like to present my works on these pages. Many of them can be ordered from me as high-quality art prints. I look forward to hearing from you.<\/p>\n\n\n\n<p>Yours MagickT<\/p>","protected":false},"excerpt":{"rendered":"<p>Willkommen auf meiner Website! Mein Name ist Thomas Schmitt. Ich bin ein K\u00fcnstler aus Karlsruhe, und m\u00f6chte auf diesen Seiten meine Werke pr\u00e4sentieren. Viele davon k\u00f6nnen als hochwertige Kunstdrucke bei mir bestellt werden. Ich freue mich \u00fcber Deine Kontaktaufnahme. Dein MagickT<\/p>","protected":false},"author":1,"featured_media":0,"parent":0,"menu_order":0,"comment_status":"closed","ping_status":"closed","template":"","meta":[],"_links":{"self":[{"href":"http:\/\/magickt.com\/en\/wp-json\/wp\/v2\/pages\/8"}],"collection":[{"href":"http:\/\/magickt.com\/en\/wp-json\/wp\/v2\/pages"}],"about":[{"href":"http:\/\/magickt.com\/en\/wp-json\/wp\/v2\/types\/page"}],"author":[{"embeddable":true,"href":"http:\/\/magickt.com\/en\/wp-json\/wp\/v2\/users\/1"}],"replies":[{"embeddable":true,"href":"http:\/\/magickt.com\/en\/wp-json\/wp\/v2\/comments?post=8"}],"version-history":[{"count":7,"href":"http:\/\/magickt.com\/en\/wp-json\/wp\/v2\/pages\/8\/revisions"}],"predecessor-version":[{"id":324,"href":"http:\/\/magickt.com\/en\/wp-json\/wp\/v2\/pages\/8\/revisions\/324"}],"wp:attachment":[{"href":"http:\/\/magickt.com\/en\/wp-json\/wp\/v2\/media?parent=8"}],"curies":[{"name":"wp","href":"https:\/\/api.w.org\/{rel}","templated":true}]}}