{"id":2,"date":"2021-04-09T13:24:44","date_gmt":"2021-04-09T13:24:44","guid":{"rendered":"http:\/\/magickt.com\/?page_id=2"},"modified":"2021-04-21T15:07:28","modified_gmt":"2021-04-21T15:07:28","slug":"freelancer-2","status":"publish","type":"page","link":"https:\/\/magickt.com\/en\/freelancer-2\/","title":{"rendered":"Freelancer"},"content":{"rendered":"<p>In addition to my art I am offering my potential as <strong>a freelancer<\/strong> on a project basis. <\/p>\n\n\n\n<h1><strong>3D-Modeler<\/strong><\/h1>\n\n\n\n<p>Modeling technical facilities, instruments or containers for cosmetic products requires the same aesthetic skill that is essential for my original art. Designing in 3D space has been fascinating me since the 90ies. 20 years of hands-on experience did help a lot to raise my capabilities to higher level. For solids or surface modeling I am a proficient counterpart.<\/p>\n\n\n\n<h4>Examples<\/h4>\n\n\n\n<figure class=\"wp-block-gallery columns-3 is-cropped\"><ul class=\"blocks-gallery-grid\"><li class=\"blocks-gallery-item\"><figure><a href=\"http:\/\/magickt.com\/wp-content\/uploads\/2021\/04\/T_250ml_V.jpg\"><img loading=\"lazy\" width=\"1024\" height=\"768\" src=\"http:\/\/magickt.com\/wp-content\/uploads\/2021\/04\/T_250ml_V.jpg\" alt=\"\" data-id=\"162\" data-full-url=\"http:\/\/magickt.com\/wp-content\/uploads\/2021\/04\/T_250ml_V.jpg\" data-link=\"http:\/\/magickt.com\/t_250ml_v\/\" class=\"wp-image-162\" srcset=\"https:\/\/magickt.com\/wp-content\/uploads\/2021\/04\/T_250ml_V.jpg 1024w, https:\/\/magickt.com\/wp-content\/uploads\/2021\/04\/T_250ml_V-300x225.jpg 300w, https:\/\/magickt.com\/wp-content\/uploads\/2021\/04\/T_250ml_V-768x576.jpg 768w, https:\/\/magickt.com\/wp-content\/uploads\/2021\/04\/T_250ml_V-16x12.jpg 16w\" sizes=\"(max-width: 767px) 89vw, (max-width: 1000px) 54vw, (max-width: 1071px) 543px, 580px\" \/><\/a><\/figure><\/li><li class=\"blocks-gallery-item\"><figure><a href=\"http:\/\/magickt.com\/wp-content\/uploads\/2021\/04\/Boerlind_Koerperpflege_06b_P2.jpg\"><img loading=\"lazy\" width=\"1024\" height=\"768\" src=\"http:\/\/magickt.com\/wp-content\/uploads\/2021\/04\/Boerlind_Koerperpflege_06b_P2-1024x768.jpg\" alt=\"\" data-id=\"150\" data-full-url=\"http:\/\/magickt.com\/wp-content\/uploads\/2021\/04\/Boerlind_Koerperpflege_06b_P2.jpg\" data-link=\"http:\/\/magickt.com\/boerlind_koerperpflege_06b_p2\/\" class=\"wp-image-150\" srcset=\"https:\/\/magickt.com\/wp-content\/uploads\/2021\/04\/Boerlind_Koerperpflege_06b_P2-1024x768.jpg 1024w, https:\/\/magickt.com\/wp-content\/uploads\/2021\/04\/Boerlind_Koerperpflege_06b_P2-300x225.jpg 300w, https:\/\/magickt.com\/wp-content\/uploads\/2021\/04\/Boerlind_Koerperpflege_06b_P2-768x576.jpg 768w, https:\/\/magickt.com\/wp-content\/uploads\/2021\/04\/Boerlind_Koerperpflege_06b_P2-16x12.jpg 16w, https:\/\/magickt.com\/wp-content\/uploads\/2021\/04\/Boerlind_Koerperpflege_06b_P2.jpg 1200w\" sizes=\"(max-width: 767px) 89vw, (max-width: 1000px) 54vw, (max-width: 1071px) 543px, 580px\" \/><\/a><\/figure><\/li><li class=\"blocks-gallery-item\"><figure><a href=\"http:\/\/magickt.com\/wp-content\/uploads\/2021\/04\/Blow_Style_Buerste_09b_Perspective_2.jpg\"><img loading=\"lazy\" width=\"1024\" height=\"768\" src=\"http:\/\/magickt.com\/wp-content\/uploads\/2021\/04\/Blow_Style_Buerste_09b_Perspective_2-1024x768.jpg\" alt=\"\" data-id=\"149\" data-full-url=\"http:\/\/magickt.com\/wp-content\/uploads\/2021\/04\/Blow_Style_Buerste_09b_Perspective_2.jpg\" data-link=\"http:\/\/magickt.com\/blow_style_buerste_09b_perspective_2\/\" class=\"wp-image-149\" srcset=\"https:\/\/magickt.com\/wp-content\/uploads\/2021\/04\/Blow_Style_Buerste_09b_Perspective_2-1024x768.jpg 1024w, https:\/\/magickt.com\/wp-content\/uploads\/2021\/04\/Blow_Style_Buerste_09b_Perspective_2-300x225.jpg 300w, https:\/\/magickt.com\/wp-content\/uploads\/2021\/04\/Blow_Style_Buerste_09b_Perspective_2-768x576.jpg 768w, https:\/\/magickt.com\/wp-content\/uploads\/2021\/04\/Blow_Style_Buerste_09b_Perspective_2-16x12.jpg 16w, https:\/\/magickt.com\/wp-content\/uploads\/2021\/04\/Blow_Style_Buerste_09b_Perspective_2.jpg 1200w\" sizes=\"(max-width: 767px) 89vw, (max-width: 1000px) 54vw, (max-width: 1071px) 543px, 580px\" \/><\/a><\/figure><\/li><li class=\"blocks-gallery-item\"><figure><a href=\"http:\/\/magickt.com\/wp-content\/uploads\/2021\/04\/Baby_200ml_03d_P1.jpg\"><img loading=\"lazy\" width=\"1024\" height=\"768\" src=\"http:\/\/magickt.com\/wp-content\/uploads\/2021\/04\/Baby_200ml_03d_P1-1024x768.jpg\" alt=\"\" data-id=\"148\" data-full-url=\"http:\/\/magickt.com\/wp-content\/uploads\/2021\/04\/Baby_200ml_03d_P1.jpg\" data-link=\"http:\/\/magickt.com\/baby_200ml_03d_p1\/\" class=\"wp-image-148\" srcset=\"https:\/\/magickt.com\/wp-content\/uploads\/2021\/04\/Baby_200ml_03d_P1-1024x768.jpg 1024w, https:\/\/magickt.com\/wp-content\/uploads\/2021\/04\/Baby_200ml_03d_P1-300x225.jpg 300w, https:\/\/magickt.com\/wp-content\/uploads\/2021\/04\/Baby_200ml_03d_P1-768x576.jpg 768w, https:\/\/magickt.com\/wp-content\/uploads\/2021\/04\/Baby_200ml_03d_P1-16x12.jpg 16w, https:\/\/magickt.com\/wp-content\/uploads\/2021\/04\/Baby_200ml_03d_P1.jpg 1200w\" sizes=\"(max-width: 767px) 89vw, (max-width: 1000px) 54vw, (max-width: 1071px) 543px, 580px\" \/><\/a><\/figure><\/li><li class=\"blocks-gallery-item\"><figure><a href=\"http:\/\/magickt.com\/wp-content\/uploads\/2021\/04\/218_Switch_System_R_0001.jpg\"><img loading=\"lazy\" width=\"1024\" height=\"705\" src=\"http:\/\/magickt.com\/wp-content\/uploads\/2021\/04\/218_Switch_System_R_0001-1024x705.jpg\" alt=\"\" data-id=\"147\" data-full-url=\"http:\/\/magickt.com\/wp-content\/uploads\/2021\/04\/218_Switch_System_R_0001.jpg\" data-link=\"http:\/\/magickt.com\/218_switch_system_r_0001\/\" class=\"wp-image-147\" srcset=\"https:\/\/magickt.com\/wp-content\/uploads\/2021\/04\/218_Switch_System_R_0001-1024x705.jpg 1024w, https:\/\/magickt.com\/wp-content\/uploads\/2021\/04\/218_Switch_System_R_0001-300x207.jpg 300w, https:\/\/magickt.com\/wp-content\/uploads\/2021\/04\/218_Switch_System_R_0001-768x529.jpg 768w, https:\/\/magickt.com\/wp-content\/uploads\/2021\/04\/218_Switch_System_R_0001-16x12.jpg 16w, https:\/\/magickt.com\/wp-content\/uploads\/2021\/04\/218_Switch_System_R_0001.jpg 1200w\" sizes=\"(max-width: 767px) 89vw, (max-width: 1000px) 54vw, (max-width: 1071px) 543px, 580px\" \/><\/a><\/figure><\/li><li class=\"blocks-gallery-item\"><figure><a href=\"http:\/\/magickt.com\/wp-content\/uploads\/2021\/04\/62-K109-Wolter-2-1.jpg\"><img loading=\"lazy\" width=\"910\" height=\"910\" src=\"http:\/\/magickt.com\/wp-content\/uploads\/2021\/04\/62-K109-Wolter-2-1.jpg\" alt=\"\" data-id=\"146\" data-full-url=\"http:\/\/magickt.com\/wp-content\/uploads\/2021\/04\/62-K109-Wolter-2-1.jpg\" data-link=\"http:\/\/magickt.com\/62-k109-wolter-2-cdr\/\" class=\"wp-image-146\" srcset=\"https:\/\/magickt.com\/wp-content\/uploads\/2021\/04\/62-K109-Wolter-2-1.jpg 910w, https:\/\/magickt.com\/wp-content\/uploads\/2021\/04\/62-K109-Wolter-2-1-300x300.jpg 300w, https:\/\/magickt.com\/wp-content\/uploads\/2021\/04\/62-K109-Wolter-2-1-150x150.jpg 150w, https:\/\/magickt.com\/wp-content\/uploads\/2021\/04\/62-K109-Wolter-2-1-768x768.jpg 768w, https:\/\/magickt.com\/wp-content\/uploads\/2021\/04\/62-K109-Wolter-2-1-12x12.jpg 12w, https:\/\/magickt.com\/wp-content\/uploads\/2021\/04\/62-K109-Wolter-2-1-100x100.jpg 100w\" sizes=\"(max-width: 767px) 89vw, (max-width: 1000px) 54vw, (max-width: 1071px) 543px, 580px\" \/><\/a><\/figure><\/li><\/ul><figcaption class=\"blocks-gallery-caption\">3D Modeling<\/figcaption><\/figure>\n\n\n\n<h1><strong>Retouching<\/strong><\/h1>\n\n\n\n<p>Retouching with Adobe Photoshop or other image-processing software is an additional field of application in which I benefit from my artistic faculties. <\/p>\n\n\n\n<ul><li>Are there important motifs that require optimization?<\/li><li>Are there important motifs that require optimization?Do you have product photos that need to be reworked to make them look even better?<\/li><li>Do you want to visualize building activities in advance?<\/li><\/ul>\n\n\n\n<h4>Examples<\/h4>\n\n\n\n<p>Please move slider to the left or right. On the left, you can see the original photo, on the right the visualized building measure.<\/p>\n\n\n\n\t\t\t\n\t<style type=\"text\/css\">\n\t\t.slider-info-137.bafg-slider-info .bafg-slider-title {\n\t\t\t\t\t\t\tfont-size:\n\t\t\t\t\t22px\t\t\t\t;\n\t\t\t\n\t\t\t\n\t\t\t\t\t}\n\n\t\t.slider-info-137.bafg-slider-info .bafg-slider-description {\n\t\t\t\n\t\t\t\n\t\t\t\t\t}\n\t\t\n\t\t\n\t\t.slider-info-137.bafg-slider-info .bafg_slider_readmore_button {\n\t\t\t\n\t\t\t\n\t\t\t\n\t\t\t\n\t\t\t\n\t\t\ttext-align: center;\n\n\t\t\t\n\t\t\t\n\t\t\t\n\t\t\t\n\t\t\t\t\t}\n\n\t\t.slider-info-137.bafg-slider-info .bafg_slider_readmore_button:hover {\n\n\t\t\t\n\t\t\t\n\t\t\t\t\t}\n\t<\/style>\n\t\n\t\t\t<div class=\"bafg-twentytwenty-container slider-137\"\n\t\t\t\tbafg-orientation=\"horizontal\" bafg-default-offset=\"0.5\"\n\t\t\t\tbafg-before-label=\"Before\"\n\t\t\t\tbafg-after-label=\"After\" bafg-overlay=\"1\"\n\t\t\t\tbafg-move-slider-on-hover=\"\"\n\t\t\t\tbafg-click-to-move=\"\">\n\n\t\t\t\t\t\t\t\t<img class=\"\" \t\t\t\t\tsrc=\"http:\/\/magickt.com\/wp-content\/uploads\/2021\/04\/Motiv_01_V1-2_IMG_3088_CC_01c_Ist.jpg\" alt=\"\">\n\t\t\t\t<img class=\"\" \t\t\t\t\tsrc=\"http:\/\/magickt.com\/wp-content\/uploads\/2021\/04\/Motiv_01_V1-2_IMG_3088_CC_01c_Soll.jpg\" alt=\"\">\n\n\t\t\t<\/div>\n\n\t\t\t\t<div class=\"bafg-slider-info-wraper\">\n\t\t<div style=\"\" class=\"slider-info-137 bafg-slider-info\">\n\t\t\t\t\t<\/div>\n\t<\/div>\n\t\n\t\t\t<style type=\"text\/css\">\n\t\t\t\t\t\t\t\t\t\t\t<\/style>\n\t\t\t\n\n\n\n<div style=\"height:15px\" aria-hidden=\"true\" class=\"wp-block-spacer\"><\/div>\n\n\n\n\t\t\t\n\t<style type=\"text\/css\">\n\t\t.slider-info-139.bafg-slider-info .bafg-slider-title {\n\t\t\t\t\t\t\tfont-size:\n\t\t\t\t\t22px\t\t\t\t;\n\t\t\t\n\t\t\t\n\t\t\t\t\t}\n\n\t\t.slider-info-139.bafg-slider-info .bafg-slider-description {\n\t\t\t\n\t\t\t\n\t\t\t\t\t}\n\t\t\n\t\t\n\t\t.slider-info-139.bafg-slider-info .bafg_slider_readmore_button {\n\t\t\t\n\t\t\t\n\t\t\t\n\t\t\t\n\t\t\t\n\t\t\ttext-align: center;\n\n\t\t\t\n\t\t\t\n\t\t\t\n\t\t\t\n\t\t\t\t\t}\n\n\t\t.slider-info-139.bafg-slider-info .bafg_slider_readmore_button:hover {\n\n\t\t\t\n\t\t\t\n\t\t\t\t\t}\n\t<\/style>\n\t\n\t\t\t<div class=\"bafg-twentytwenty-container slider-139\"\n\t\t\t\tbafg-orientation=\"horizontal\" bafg-default-offset=\"0.5\"\n\t\t\t\tbafg-before-label=\"Before\"\n\t\t\t\tbafg-after-label=\"After\" bafg-overlay=\"1\"\n\t\t\t\tbafg-move-slider-on-hover=\"\"\n\t\t\t\tbafg-click-to-move=\"\">\n\n\t\t\t\t\t\t\t\t<img class=\"\" \t\t\t\t\tsrc=\"http:\/\/magickt.com\/wp-content\/uploads\/2021\/04\/Motiv_03_V3_IMG_1640_CC_03d_Istl.jpg\" alt=\"\">\n\t\t\t\t<img class=\"\" \t\t\t\t\tsrc=\"http:\/\/magickt.com\/wp-content\/uploads\/2021\/04\/Motiv_03_V3_IMG_1640_CC_03d_Soll.jpg\" alt=\"\">\n\n\t\t\t<\/div>\n\n\t\t\t\t<div class=\"bafg-slider-info-wraper\">\n\t\t<div style=\"\" class=\"slider-info-139 bafg-slider-info\">\n\t\t\t\t\t<\/div>\n\t<\/div>\n\t\n\t\t\t<style type=\"text\/css\">\n\t\t\t\t\t\t\t\t\t\t\t<\/style>","protected":false},"excerpt":{"rendered":"<p>Neben meiner Kunst biete ich meine F\u00e4higkeiten als Freier Mitarbeiter auf Projektbasis an. 3D-Modeler Modeling, vor allem von technischen Anlagen, Instrumenten oder auch Beh\u00e4ltnissen f\u00fcr kosmetische Produkte erfordert ein Formgef\u00fchl, welches auch f\u00fcr meine freien Arbeiten unbedingt notwendig ist. Das Konstruieren im 3D-Raum hat mich seit den 90er Jahren fasziniert. In 20 Jahren praktischer Erfahrung &hellip; <\/p>\n<p class=\"link-more\"><a href=\"https:\/\/magickt.com\/en\/freelancer-2\/\" class=\"more-link\">Continue reading<span class=\"screen-reader-text\"> &#8222;Freelancer&#8220;<\/span><\/a><\/p>","protected":false},"author":1,"featured_media":0,"parent":0,"menu_order":0,"comment_status":"closed","ping_status":"closed","template":"","meta":[],"_links":{"self":[{"href":"https:\/\/magickt.com\/en\/wp-json\/wp\/v2\/pages\/2"}],"collection":[{"href":"https:\/\/magickt.com\/en\/wp-json\/wp\/v2\/pages"}],"about":[{"href":"https:\/\/magickt.com\/en\/wp-json\/wp\/v2\/types\/page"}],"author":[{"embeddable":true,"href":"https:\/\/magickt.com\/en\/wp-json\/wp\/v2\/users\/1"}],"replies":[{"embeddable":true,"href":"https:\/\/magickt.com\/en\/wp-json\/wp\/v2\/comments?post=2"}],"version-history":[{"count":13,"href":"https:\/\/magickt.com\/en\/wp-json\/wp\/v2\/pages\/2\/revisions"}],"predecessor-version":[{"id":204,"href":"https:\/\/magickt.com\/en\/wp-json\/wp\/v2\/pages\/2\/revisions\/204"}],"wp:attachment":[{"href":"https:\/\/magickt.com\/en\/wp-json\/wp\/v2\/media?parent=2"}],"curies":[{"name":"wp","href":"https:\/\/api.w.org\/{rel}","templated":true}]}}