{"id":9,"date":"2021-04-09T11:59:08","date_gmt":"2021-04-09T11:59:08","guid":{"rendered":"http:\/\/magickt.com\/?page_id=9"},"modified":"2021-04-21T15:10:47","modified_gmt":"2021-04-21T15:10:47","slug":"ueber-uns-2","status":"publish","type":"page","link":"https:\/\/magickt.com\/en\/ueber-uns-2\/","title":{"rendered":"My Art"},"content":{"rendered":"<p>It may take hours, days and weeks, until I regard a picture as accomplished and look at it with contentment. For this reason I am exceedingly pleased, if I can give it to people, who appreciate it, who can sense that a part of me has flown into each of these artworks\u2026<\/p>\n\n\n\n<p>You will not find prices here. In case you take a liking to one of these originals, you`re welcome to contact me\u2026<\/p>","protected":false},"excerpt":{"rendered":"<p>Es vergehen Stunden, Tage und Wochen, ehe ich ein Bild mit Zufriedenheit betrachte und es f\u00fcr mich vollendet ist. Aus diesem Grunde freut es mich besonders, wenn ich es in gute H\u00e4nde abgeben kann. An Menschen, die sp\u00fcren, dass ein Teil von mir in jedes dieser Bilder eingeflossen ist\u2026 Ich ver\u00f6ffentliche keine Preise. Wenn du &hellip; <\/p>\n<p class=\"link-more\"><a href=\"https:\/\/magickt.com\/en\/ueber-uns-2\/\" class=\"more-link\">Continue reading<span class=\"screen-reader-text\"> &#8222;Meine Kunst&#8220;<\/span><\/a><\/p>","protected":false},"author":1,"featured_media":0,"parent":0,"menu_order":0,"comment_status":"closed","ping_status":"closed","template":"","meta":[],"_links":{"self":[{"href":"https:\/\/magickt.com\/en\/wp-json\/wp\/v2\/pages\/9"}],"collection":[{"href":"https:\/\/magickt.com\/en\/wp-json\/wp\/v2\/pages"}],"about":[{"href":"https:\/\/magickt.com\/en\/wp-json\/wp\/v2\/types\/page"}],"author":[{"embeddable":true,"href":"https:\/\/magickt.com\/en\/wp-json\/wp\/v2\/users\/1"}],"replies":[{"embeddable":true,"href":"https:\/\/magickt.com\/en\/wp-json\/wp\/v2\/comments?post=9"}],"version-history":[{"count":12,"href":"https:\/\/magickt.com\/en\/wp-json\/wp\/v2\/pages\/9\/revisions"}],"predecessor-version":[{"id":207,"href":"https:\/\/magickt.com\/en\/wp-json\/wp\/v2\/pages\/9\/revisions\/207"}],"wp:attachment":[{"href":"https:\/\/magickt.com\/en\/wp-json\/wp\/v2\/media?parent=9"}],"curies":[{"name":"wp","href":"https:\/\/api.w.org\/{rel}","templated":true}]}}